{"id":429,"date":"2022-12-17T22:59:39","date_gmt":"2022-12-17T22:59:39","guid":{"rendered":"https:\/\/casademendoza.es\/?page_id=429"},"modified":"2022-12-17T23:08:45","modified_gmt":"2022-12-17T23:08:45","slug":"tienda","status":"publish","type":"page","link":"https:\/\/casademendoza.es\/?page_id=429","title":{"rendered":"Tienda"},"content":{"rendered":"<p>[et_pb_section fb_built=\u00bb1&#8243; _builder_version=\u00bb4.19.1&#8243; _module_preset=\u00bbdefault\u00bb global_colors_info=\u00bb{}\u00bb][\/et_pb_section][et_pb_section fb_built=\u00bb1&#8243; make_equal=\u00bbon\u00bb specialty=\u00bbon\u00bb background_color_2=\u00bb#1a1f28&#8243; padding_top_1=\u00bb48px\u00bb padding_top_2=\u00bb48px\u00bb padding_right_2=\u00bb20px\u00bb padding_bottom_2=\u00bb48px\u00bb padding_left_2=\u00bb20px\u00bb padding_top_bottom_link_1=\u00bbfalse\u00bb padding_top_bottom_link_2=\u00bbtrue\u00bb padding_left_right_link_1=\u00bbfalse\u00bb padding_left_right_link_2=\u00bbtrue\u00bb padding_1_tablet=\u00bb0px||0px||true|false\u00bb padding_1_phone=\u00bb\u00bb padding_1_last_edited=\u00bbon|desktop\u00bb admin_label=\u00bbHero\u00bb _builder_version=\u00bb4.16&#8243; width_tablet=\u00bb100%\u00bb width_last_edited=\u00bboff|desktop\u00bb inner_width_tablet=\u00bb\u00bb inner_width_phone=\u00bb\u00bb inner_width_last_edited=\u00bbon|tablet\u00bb custom_padding=\u00bb0px||0px||true|false\u00bb inner_module_alignment_tablet=\u00bbcenter\u00bb inner_module_alignment_last_edited=\u00bboff|desktop\u00bb locked=\u00bboff\u00bb global_colors_info=\u00bb{}\u00bb][et_pb_column type=\u00bb2_3&#8243; specialty_columns=\u00bb2&#8243; _builder_version=\u00bb4.16&#8243; custom_padding=\u00bb|||\u00bb global_colors_info=\u00bb{}\u00bb custom_padding__hover=\u00bb|||\u00bb][et_pb_row_inner make_equal=\u00bbon\u00bb _builder_version=\u00bb4.16&#8243; custom_padding=\u00bb0px||0px|||\u00bb global_colors_info=\u00bb{}\u00bb][et_pb_column_inner saved_specialty_column_type=\u00bb2_3&#8243; _builder_version=\u00bb4.16&#8243; global_colors_info=\u00bb{}\u00bb][et_pb_text _builder_version=\u00bb4.16&#8243; header_font=\u00bbCormorant Garamond||||||||\u00bb header_font_size=\u00bb6vw\u00bb header_line_height=\u00bb1.1em\u00bb max_width=\u00bb800px\u00bb custom_margin_tablet=\u00bb|0vw|||false|false\u00bb custom_margin_last_edited=\u00bboff|desktop\u00bb header_font_size_tablet=\u00bb60px\u00bb header_font_size_phone=\u00bb40px\u00bb header_font_size_last_edited=\u00bbon|phone\u00bb locked=\u00bboff\u00bb global_colors_info=\u00bb{}\u00bb]<\/p>\n<h1>Tienda<\/h1>\n<p>[\/et_pb_text][\/et_pb_column_inner][\/et_pb_row_inner][et_pb_row_inner column_structure=\u00bb1_3,1_3,1_3&#8243; _builder_version=\u00bb4.16&#8243; global_colors_info=\u00bb{}\u00bb][et_pb_column_inner type=\u00bb1_3&#8243; saved_specialty_column_type=\u00bb2_3&#8243; _builder_version=\u00bb4.16&#8243; global_colors_info=\u00bb{}\u00bb][et_pb_image src=\u00bbhttp:\/\/casademendoza.es\/wp-content\/uploads\/2022\/12\/botella.png\u00bb title_text=\u00bbbotella\u00bb _builder_version=\u00bb4.19.1&#8243; custom_margin=\u00bb||20px||false|false\u00bb global_colors_info=\u00bb{}\u00bb][\/et_pb_image][et_pb_text _builder_version=\u00bb4.19.1&#8243; text_font=\u00bbCormorant Garamond|600|||||||\u00bb text_font_size=\u00bb18px\u00bb text_line_height=\u00bb1.8em\u00bb header_font=\u00bb||||||||\u00bb header_3_font=\u00bbCormorant Garamond|600||on|||||\u00bb header_3_font_size=\u00bb18px\u00bb header_3_letter_spacing=\u00bb1px\u00bb header_3_line_height=\u00bb1.1em\u00bb custom_padding=\u00bb16px||||false|false\u00bb border_width_top=\u00bb1px\u00bb border_color_top=\u00bbrgba(51,51,51,0.18)\u00bb locked=\u00bboff\u00bb global_colors_info=\u00bb{}\u00bb]<\/p>\n<h3>Botellas<\/h3>\n<p>[\/et_pb_text][\/et_pb_column_inner][et_pb_column_inner type=\u00bb1_3&#8243; saved_specialty_column_type=\u00bb2_3&#8243; _builder_version=\u00bb4.16&#8243; global_colors_info=\u00bb{}\u00bb][et_pb_image src=\u00bbhttp:\/\/casademendoza.es\/wp-content\/uploads\/2022\/11\/accessories-1.png\u00bb title_text=\u00bbaccessories-1&#8243; _builder_version=\u00bb4.19.1&#8243; custom_margin=\u00bb||20px||false|false\u00bb locked=\u00bboff\u00bb global_colors_info=\u00bb{}\u00bb][\/et_pb_image][et_pb_text _builder_version=\u00bb4.19.1&#8243; text_font=\u00bbCormorant Garamond|600|||||||\u00bb text_font_size=\u00bb18px\u00bb text_line_height=\u00bb1.8em\u00bb header_font=\u00bb||||||||\u00bb header_3_font=\u00bbCormorant Garamond|600||on|||||\u00bb header_3_font_size=\u00bb18px\u00bb header_3_letter_spacing=\u00bb1px\u00bb header_3_line_height=\u00bb1.1em\u00bb custom_padding=\u00bb16px||||false|false\u00bb border_width_top=\u00bb1px\u00bb border_color_top=\u00bbrgba(51,51,51,0.18)\u00bb locked=\u00bboff\u00bb global_colors_info=\u00bb{}\u00bb]<\/p>\n<h3>Latas<\/h3>\n<p>[\/et_pb_text][\/et_pb_column_inner][et_pb_column_inner type=\u00bb1_3&#8243; saved_specialty_column_type=\u00bb2_3&#8243; _builder_version=\u00bb4.16&#8243; global_colors_info=\u00bb{}\u00bb][et_pb_image src=\u00bbhttp:\/\/casademendoza.es\/wp-content\/uploads\/2022\/11\/travel-1.png\u00bb _builder_version=\u00bb4.16&#8243; custom_margin=\u00bb||20px||false|false\u00bb locked=\u00bboff\u00bb global_colors_info=\u00bb{}\u00bb][\/et_pb_image][et_pb_text _builder_version=\u00bb4.19.1&#8243; text_font=\u00bbCormorant Garamond|600|||||||\u00bb text_font_size=\u00bb18px\u00bb text_line_height=\u00bb1.8em\u00bb header_font=\u00bb||||||||\u00bb header_3_font=\u00bbCormorant Garamond|600||on|||||\u00bb header_3_font_size=\u00bb18px\u00bb header_3_letter_spacing=\u00bb1px\u00bb header_3_line_height=\u00bb1.1em\u00bb custom_padding=\u00bb16px||||false|false\u00bb border_width_top=\u00bb1px\u00bb border_color_top=\u00bbrgba(51,51,51,0.18)\u00bb locked=\u00bboff\u00bb global_colors_info=\u00bb{}\u00bb]<\/p>\n<h3>Packs (pr\u00f3ximamente&#8230;)<\/h3>\n<p>[\/et_pb_text][\/et_pb_column_inner][\/et_pb_row_inner][\/et_pb_column][et_pb_column type=\u00bb1_3&#8243; _builder_version=\u00bb4.16&#8243; custom_padding=\u00bb|||\u00bb global_colors_info=\u00bb{}\u00bb custom_padding__hover=\u00bb|||\u00bb][et_pb_text _builder_version=\u00bb4.16&#8243; header_2_font=\u00bbCormorant Garamond||||||||\u00bb header_2_text_color=\u00bb#e7dfd9&#8243; header_2_font_size=\u00bb100px\u00bb header_2_line_height=\u00bb1.1em\u00bb header_4_font=\u00bbCormorant Garamond|600||on|||||\u00bb header_4_text_color=\u00bbrgba(231,223,217,0.8)\u00bb header_4_line_height=\u00bb1.1em\u00bb text_orientation=\u00bbcenter\u00bb background_layout=\u00bbdark\u00bb header_2_font_size_tablet=\u00bb\u00bb header_2_font_size_phone=\u00bb40px\u00bb header_2_font_size_last_edited=\u00bbon|tablet\u00bb global_colors_info=\u00bb{}\u00bb]<\/p>\n<h4>Env\u00edo gratis para pedidos superiores a <span style=\"font-size: x-large;\">100\u20ac<\/span><\/h4>\n<p>[\/et_pb_text][\/et_pb_column][\/et_pb_section][et_pb_section fb_built=\u00bb1&#8243; admin_label=\u00bbShop\u00bb _builder_version=\u00bb4.16&#8243; locked=\u00bboff\u00bb global_colors_info=\u00bb{}\u00bb][et_pb_row _builder_version=\u00bb4.16&#8243; global_colors_info=\u00bb{}\u00bb][et_pb_column type=\u00bb4_4&#8243; _builder_version=\u00bb4.16&#8243; global_colors_info=\u00bb{}\u00bb][et_pb_shop type=\u00bbproduct_category\u00bb posts_number=\u00bb10&#8243; show_pagination=\u00bbon\u00bb include_categories=\u00bb83,81&#8243; columns_number=\u00bb3&#8243; icon_hover_color=\u00bb#000000&#8243; _builder_version=\u00bb4.19.1&#8243; title_font=\u00bbCormorant Garamond|600|||||||\u00bb title_font_size=\u00bb18px\u00bb title_line_height=\u00bb1.2em\u00bb price_font=\u00bbCormorant Garamond||||||||\u00bb price_font_size=\u00bb20px\u00bb price_line_height=\u00bb34px\u00bb rating_text_color=\u00bb#ebb336&#8243; text_orientation=\u00bbcenter\u00bb price_font_size_tablet=\u00bb30px\u00bb price_font_size_phone=\u00bb24px\u00bb price_font_size_last_edited=\u00bboff|desktop\u00bb global_colors_info=\u00bb{}\u00bb][\/et_pb_shop][\/et_pb_column][\/et_pb_row][\/et_pb_section][et_pb_section fb_built=\u00bb1&#8243; admin_label=\u00bbSale\u00bb _builder_version=\u00bb4.16&#8243; custom_padding=\u00bb0px||0px||true|\u00bb global_colors_info=\u00bb{}\u00bb][et_pb_row column_structure=\u00bb1_3,1_3,1_3&#8243; use_custom_gutter=\u00bbon\u00bb gutter_width=\u00bb1&#8243; make_equal=\u00bbon\u00bb _builder_version=\u00bb4.16&#8243; global_colors_info=\u00bb{}\u00bb][et_pb_column type=\u00bb1_3&#8243; _builder_version=\u00bb4.16&#8243; global_colors_info=\u00bb{}\u00bb][et_pb_text _builder_version=\u00bb4.19.1&#8243; text_font=\u00bbCormorant Garamond||||||||\u00bb text_font_size=\u00bb40px\u00bb text_letter_spacing=\u00bb4px\u00bb text_line_height=\u00bb1.2em\u00bb transform_scale_tablet=\u00bb\u00bb transform_scale_phone=\u00bb\u00bb transform_scale_last_edited=\u00bbon|desktop\u00bb transform_translate=\u00bb0px|250px\u00bb transform_translate_tablet=\u00bb0px|0px\u00bb transform_translate_phone=\u00bb\u00bb transform_translate_last_edited=\u00bbon|phone\u00bb transform_translate_linked=\u00bboff\u00bb transform_rotate=\u00bb0deg|0deg|270deg\u00bb transform_rotate_tablet=\u00bb0deg|0deg|0deg\u00bb transform_rotate_phone=\u00bb\u00bb transform_rotate_last_edited=\u00bbon|desktop\u00bb transform_skew_tablet=\u00bb\u00bb transform_skew_phone=\u00bb\u00bb transform_skew_last_edited=\u00bbon|desktop\u00bb transform_origin=\u00bb50%|0%\u00bb transform_origin_tablet=\u00bb\u00bb transform_origin_phone=\u00bb\u00bb transform_origin_last_edited=\u00bbon|desktop\u00bb transform_styles_last_edited=\u00bbon|phone\u00bb text_font_size_tablet=\u00bb30px\u00bb text_font_size_phone=\u00bb20px\u00bb text_font_size_last_edited=\u00bbon|phone\u00bb transform_styles_tablet=\u00bb\u00bb transform_styles_phone=\u00bb\u00bb locked=\u00bboff\u00bb global_colors_info=\u00bb{}\u00bb]<\/p>\n<p>Aove Ecol\u00f3gico<\/p>\n<p>[\/et_pb_text][et_pb_divider color=\u00bb#e6e6e6&#8243; _builder_version=\u00bb4.16&#8243; transform_rotate=\u00bb0deg|0deg|90deg\u00bb positioning=\u00bbabsolute\u00bb position_origin_a=\u00bbbottom_right\u00bb position_origin_r=\u00bbbottom_left\u00bb vertical_offset=\u00bb400px\u00bb vertical_offset_tablet=\u00bb300px\u00bb vertical_offset_phone=\u00bb\u00bb vertical_offset_last_edited=\u00bbon|tablet\u00bb width=\u00bb200px\u00bb locked=\u00bboff\u00bb global_colors_info=\u00bb{}\u00bb][\/et_pb_divider][\/et_pb_column][et_pb_column type=\u00bb1_3&#8243; _builder_version=\u00bb4.16&#8243; background_color=\u00bb#ebb336&#8243; custom_padding=\u00bb20px|20px|20px|20px|true|true\u00bb custom_padding_tablet=\u00bb0px||||false|false\u00bb custom_padding_last_edited=\u00bboff|desktop\u00bb global_colors_info=\u00bb{}\u00bb][et_pb_cta title=\u00bbAOVE Edici\u00f3n Especial Reserva Familiar\u00bb button_url=\u00bb#\u00bb _builder_version=\u00bb4.19.1&#8243; header_level=\u00bbh3&#8243; header_font=\u00bbCormorant Garamond||||||||\u00bb header_font_size=\u00bb70px\u00bb header_line_height=\u00bb1.1em\u00bb body_font=\u00bbCormorant Garamond|600||on|||||\u00bb body_font_size=\u00bb18px\u00bb body_line_height=\u00bb2em\u00bb background_enable_color=\u00bboff\u00bb custom_button=\u00bbon\u00bb button_text_size=\u00bb12px\u00bb button_border_width=\u00bb1px\u00bb button_border_radius=\u00bb0px\u00bb button_letter_spacing=\u00bb4px\u00bb button_font=\u00bb|700||on|||||\u00bb button_custom_padding=\u00bb18px|30px|18px|30px|true|true\u00bb header_font_size_tablet=\u00bb55px\u00bb header_font_size_phone=\u00bb40px\u00bb header_font_size_last_edited=\u00bbon|phone\u00bb locked=\u00bboff\u00bb global_colors_info=\u00bb{}\u00bb custom_padding=\u00bb||24px|||\u00bb][\/et_pb_cta][\/et_pb_column][et_pb_column type=\u00bb1_3&#8243; _builder_version=\u00bb4.16&#8243; global_colors_info=\u00bb{}\u00bb][et_pb_image src=\u00bbhttp:\/\/casademendoza.es\/wp-content\/uploads\/2022\/11\/BotellaGrandeAOVEeco2.png\u00bb title_text=\u00bbBotellaGrandeAOVEeco2&#8243; _builder_version=\u00bb4.19.1&#8243; global_colors_info=\u00bb{}\u00bb][\/et_pb_image][\/et_pb_column][\/et_pb_row][et_pb_row _builder_version=\u00bb4.16&#8243; locked=\u00bboff\u00bb global_colors_info=\u00bb{}\u00bb][et_pb_column type=\u00bb4_4&#8243; _builder_version=\u00bb4.16&#8243; global_colors_info=\u00bb{}\u00bb][et_pb_shop type=\u00bblatest\u00bb posts_number=\u00bb3&#8243; show_pagination=\u00bbon\u00bb columns_number=\u00bb3&#8243; icon_hover_color=\u00bb#000000&#8243; _builder_version=\u00bb4.19.1&#8243; title_font=\u00bbCormorant Garamond|600|||||||\u00bb title_font_size=\u00bb18px\u00bb title_line_height=\u00bb1.2em\u00bb price_font=\u00bbCormorant Garamond||||||||\u00bb price_font_size=\u00bb20px\u00bb price_line_height=\u00bb34px\u00bb rating_text_color=\u00bb#ebb336&#8243; text_orientation=\u00bbcenter\u00bb price_font_size_tablet=\u00bb30px\u00bb price_font_size_phone=\u00bb24px\u00bb price_font_size_last_edited=\u00bboff|desktop\u00bb global_colors_info=\u00bb{}\u00bb][\/et_pb_shop][\/et_pb_column][\/et_pb_row][\/et_pb_section][et_pb_section fb_built=\u00bb1&#8243; admin_label=\u00bbFeature\u00bb _builder_version=\u00bb4.16&#8243; global_colors_info=\u00bb{}\u00bb][et_pb_row column_structure=\u00bb2_5,3_5&#8243; use_custom_gutter=\u00bbon\u00bb gutter_width=\u00bb1&#8243; make_equal=\u00bbon\u00bb _builder_version=\u00bb4.16&#8243; custom_padding=\u00bb0px||0px||true|false\u00bb global_colors_info=\u00bb{}\u00bb][et_pb_column type=\u00bb2_5&#8243; _builder_version=\u00bb4.16&#8243; global_colors_info=\u00bb{}\u00bb][et_pb_image src=\u00bbhttp:\/\/casademendoza.es\/wp-content\/uploads\/2022\/11\/aceitunas_calidad.jpg\u00bb title_text=\u00bbaceitunas_calidad\u00bb _builder_version=\u00bb4.19.1&#8243; global_colors_info=\u00bb{}\u00bb][\/et_pb_image][\/et_pb_column][et_pb_column type=\u00bb3_5&#8243; _builder_version=\u00bb4.16&#8243; custom_padding=\u00bb60px|||60px|false|false\u00bb custom_padding_tablet=\u00bb|||0px|false|false\u00bb custom_padding_phone=\u00bb\u00bb custom_padding_last_edited=\u00bbon|tablet\u00bb global_colors_info=\u00bb{}\u00bb][et_pb_text _builder_version=\u00bb4.16&#8243; header_3_font=\u00bbCormorant Garamond|600|||||||\u00bb header_3_text_color=\u00bb#000000&#8243; header_3_font_size=\u00bb50px\u00bb header_3_line_height=\u00bb1.7em\u00bb max_width=\u00bb800px\u00bb module_alignment=\u00bbcenter\u00bb header_3_font_size_tablet=\u00bb40px\u00bb header_3_font_size_phone=\u00bb30px\u00bb header_3_font_size_last_edited=\u00bbon|phone\u00bb locked=\u00bboff\u00bb global_colors_info=\u00bb{}\u00bb]<\/p>\n<h3>\u201cEl aceite que quieren ser todas las aceitunas\u201d<\/h3>\n<p>[\/et_pb_text][\/et_pb_column][\/et_pb_row][\/et_pb_section][et_pb_section fb_built=\u00bb1&#8243; admin_label=\u00bbFooter\u00bb _builder_version=\u00bb4.18.0&#8243; _module_preset=\u00bbdefault\u00bb background_color=\u00bb#F6F3EF\u00bb background_image=\u00bbhttps:\/\/casademendoza.es\/wp-content\/uploads\/2022\/09\/pie_aceitunas_copia1.jpg\u00bb custom_padding=\u00bb||||false|false\u00bb saved_tabs=\u00bball\u00bb collapsed=\u00bbon\u00bb global_colors_info=\u00bb{}\u00bb theme_builder_area=\u00bbpost_content\u00bb][et_pb_row column_structure=\u00bb1_3,1_3,1_3&#8243; _builder_version=\u00bb4.17.4&#8243; _module_preset=\u00bbdefault\u00bb global_colors_info=\u00bb{}\u00bb theme_builder_area=\u00bbpost_content\u00bb][et_pb_column type=\u00bb1_3&#8243; _builder_version=\u00bb4.17.4&#8243; _module_preset=\u00bbdefault\u00bb global_colors_info=\u00bb{}\u00bb theme_builder_area=\u00bbpost_content\u00bb][et_pb_image src=\u00bbhttps:\/\/casademendoza.es\/wp-content\/uploads\/2022\/09\/CasadeMendoza_apaisado.png\u00bb title_text=\u00bbCasadeMendoza_apaisado\u00bb _builder_version=\u00bb4.18.0&#8243; _module_preset=\u00bbdefault\u00bb global_colors_info=\u00bb{}\u00bb theme_builder_area=\u00bbpost_content\u00bb][\/et_pb_image][\/et_pb_column][et_pb_column type=\u00bb1_3&#8243; _builder_version=\u00bb4.17.4&#8243; _module_preset=\u00bbdefault\u00bb global_colors_info=\u00bb{}\u00bb theme_builder_area=\u00bbpost_content\u00bb][et_pb_text _builder_version=\u00bb4.18.0&#8243; _module_preset=\u00bb4827deed-2a92-4d97-a22f-f01067ae6873&#8243; header_font=\u00bb||||||||\u00bb header_4_font=\u00bbJost|500|||||||\u00bb header_4_text_color=\u00bb#000000&#8243; header_4_font_size=\u00bb19px\u00bb header_4_line_height=\u00bb1.4em\u00bb custom_margin=\u00bb||0px||false|false\u00bb header_4_font_size_tablet=\u00bb16px\u00bb header_4_font_size_phone=\u00bb14px\u00bb header_4_font_size_last_edited=\u00bbon|tablet\u00bb locked=\u00bboff\u00bb global_colors_info=\u00bb{}\u00bb theme_builder_area=\u00bbpost_content\u00bb]<\/p>\n<h4>Direcci\u00f3n<\/h4>\n<p>[\/et_pb_text][et_pb_text _builder_version=\u00bb4.18.0&#8243; _module_preset=\u00bb1f09816e-184e-4ce5-a4cf-b39c52c423ca\u00bb text_font=\u00bbOpen Sans||||||||\u00bb text_text_color=\u00bb#666666&#8243; text_font_size=\u00bb16px\u00bb text_line_height=\u00bb1.8em\u00bb custom_margin=\u00bb||30px||false|false\u00bb text_font_size_tablet=\u00bb15px\u00bb text_font_size_phone=\u00bb14px\u00bb text_font_size_last_edited=\u00bbon|phone\u00bb header_font_size_tablet=\u00bb55px\u00bb header_font_size_last_edited=\u00bboff|desktop\u00bb locked=\u00bboff\u00bb global_colors_info=\u00bb{}\u00bb theme_builder_area=\u00bbpost_content\u00bb]<\/p>\n<p>C\/ Grecia 8 &#8211; Pol. Ind. El Llano<\/p>\n<p>Socu\u00e9llamos 13630 &#8211; Ciudad Real<\/p>\n<p>[\/et_pb_text][et_pb_text _builder_version=\u00bb4.18.0&#8243; _module_preset=\u00bb4827deed-2a92-4d97-a22f-f01067ae6873&#8243; header_font=\u00bb||||||||\u00bb header_4_font=\u00bbJost|500|||||||\u00bb header_4_text_color=\u00bb#000000&#8243; header_4_font_size=\u00bb19px\u00bb header_4_line_height=\u00bb1.4em\u00bb custom_margin=\u00bb||0px||false|false\u00bb header_4_font_size_tablet=\u00bb16px\u00bb header_4_font_size_phone=\u00bb14px\u00bb header_4_font_size_last_edited=\u00bbon|tablet\u00bb locked=\u00bboff\u00bb global_colors_info=\u00bb{}\u00bb theme_builder_area=\u00bbpost_content\u00bb]<\/p>\n<h4>Tel\u00e9fono<\/h4>\n<p>[\/et_pb_text][et_pb_text _builder_version=\u00bb4.18.0&#8243; _module_preset=\u00bbaaa7c440-590a-4078-ae0c-0f3c699ac51c\u00bb header_font=\u00bb||||||||\u00bb header_3_font=\u00bbJost|500|||||||\u00bb header_3_text_color=\u00bb#FF6A00&#8243; header_3_font_size=\u00bb25px\u00bb header_3_line_height=\u00bb1.4em\u00bb custom_margin=\u00bb||0px||false|false\u00bb header_3_font_size_tablet=\u00bb\u00bb header_3_font_size_phone=\u00bb20px\u00bb header_3_font_size_last_edited=\u00bbon|phone\u00bb global_colors_info=\u00bb{}\u00bb theme_builder_area=\u00bbpost_content\u00bb]<\/p>\n<h3>926 67 49 09<\/h3>\n<p>[\/et_pb_text][\/et_pb_column][et_pb_column type=\u00bb1_3&#8243; _builder_version=\u00bb4.17.4&#8243; _module_preset=\u00bbdefault\u00bb global_colors_info=\u00bb{}\u00bb theme_builder_area=\u00bbpost_content\u00bb][et_pb_text _builder_version=\u00bb4.17.4&#8243; _module_preset=\u00bb4827deed-2a92-4d97-a22f-f01067ae6873&#8243; header_font=\u00bb||||||||\u00bb header_4_font=\u00bbJost|500|||||||\u00bb header_4_text_color=\u00bb#000000&#8243; header_4_font_size=\u00bb19px\u00bb header_4_line_height=\u00bb1.4em\u00bb custom_margin=\u00bb||0px||false|false\u00bb header_4_font_size_tablet=\u00bb16px\u00bb header_4_font_size_phone=\u00bb14px\u00bb header_4_font_size_last_edited=\u00bbon|tablet\u00bb locked=\u00bboff\u00bb global_colors_info=\u00bb{}\u00bb theme_builder_area=\u00bbpost_content\u00bb]<\/p>\n<h4>Email<\/h4>\n<p>[\/et_pb_text][et_pb_text _builder_version=\u00bb4.18.0&#8243; _module_preset=\u00bb1f09816e-184e-4ce5-a4cf-b39c52c423ca\u00bb text_font=\u00bbOpen Sans||||||||\u00bb text_text_color=\u00bb#666666&#8243; text_font_size=\u00bb16px\u00bb text_line_height=\u00bb1.8em\u00bb link_text_color=\u00bb#FF6A00&#8243; custom_margin=\u00bb||30px||false|false\u00bb text_font_size_tablet=\u00bb15px\u00bb text_font_size_phone=\u00bb14px\u00bb text_font_size_last_edited=\u00bbon|phone\u00bb header_font_size_tablet=\u00bb55px\u00bb header_font_size_last_edited=\u00bboff|desktop\u00bb locked=\u00bboff\u00bb global_colors_info=\u00bb{}\u00bb theme_builder_area=\u00bbpost_content\u00bb]<\/p>\n<p><a href=\"mailto:#\">hola@casademendoza.es<\/a><\/p>\n<p>[\/et_pb_text][et_pb_text _builder_version=\u00bb4.18.0&#8243; _module_preset=\u00bb4827deed-2a92-4d97-a22f-f01067ae6873&#8243; header_font=\u00bb||||||||\u00bb header_4_font=\u00bbJost|500|||||||\u00bb header_4_text_color=\u00bb#000000&#8243; header_4_font_size=\u00bb19px\u00bb header_4_line_height=\u00bb1.4em\u00bb custom_margin=\u00bb||0px||false|false\u00bb header_4_font_size_tablet=\u00bb16px\u00bb header_4_font_size_phone=\u00bb14px\u00bb header_4_font_size_last_edited=\u00bbon|tablet\u00bb locked=\u00bboff\u00bb global_colors_info=\u00bb{}\u00bb theme_builder_area=\u00bbpost_content\u00bb]<\/p>\n<h4>S\u00edguenos<\/h4>\n<p>[\/et_pb_text][et_pb_social_media_follow icon_color=\u00bb#666666&#8243; _builder_version=\u00bb4.19.1&#8243; _module_preset=\u00bbdefault\u00bb locked=\u00bboff\u00bb global_colors_info=\u00bb{}\u00bb theme_builder_area=\u00bbpost_content\u00bb][et_pb_social_media_follow_network social_network=\u00bbinstagram\u00bb url=\u00bbhttps:\/\/www.instagram.com\/aceitescasademendoza\/\u00bb _builder_version=\u00bb4.19.1&#8243; _module_preset=\u00bbdefault\u00bb global_colors_info=\u00bb{}\u00bb theme_builder_area=\u00bbpost_content\u00bb follow_button=\u00bboff\u00bb url_new_window=\u00bbon\u00bb]instagram[\/et_pb_social_media_follow_network][\/et_pb_social_media_follow][\/et_pb_column][\/et_pb_row][et_pb_row column_structure=\u00bb2_3,1_3&#8243; _builder_version=\u00bb4.17.4&#8243; _module_preset=\u00bbdefault\u00bb custom_padding=\u00bb14px||0px|||\u00bb border_color_all=\u00bbrgba(10,10,10,0.2)\u00bb border_width_top=\u00bb1px\u00bb global_colors_info=\u00bb{}\u00bb theme_builder_area=\u00bbpost_content\u00bb][et_pb_column type=\u00bb2_3&#8243; _builder_version=\u00bb4.17.4&#8243; _module_preset=\u00bbdefault\u00bb global_colors_info=\u00bb{}\u00bb theme_builder_area=\u00bbpost_content\u00bb][\/et_pb_column][et_pb_column type=\u00bb1_3&#8243; _builder_version=\u00bb4.17.4&#8243; _module_preset=\u00bbdefault\u00bb global_colors_info=\u00bb{}\u00bb theme_builder_area=\u00bbpost_content\u00bb][et_pb_text _builder_version=\u00bb4.18.0&#8243; _dynamic_attributes=\u00bbcontent\u00bb _module_preset=\u00bb1f09816e-184e-4ce5-a4cf-b39c52c423ca\u00bb text_font=\u00bbOpen Sans||||||||\u00bb text_text_color=\u00bb#666666&#8243; text_font_size=\u00bb16px\u00bb text_line_height=\u00bb1.8em\u00bb text_orientation=\u00bbright\u00bb text_font_size_tablet=\u00bb15px\u00bb text_font_size_phone=\u00bb14px\u00bb text_font_size_last_edited=\u00bbon|phone\u00bb header_font_size_tablet=\u00bb55px\u00bb header_font_size_last_edited=\u00bboff|desktop\u00bb text_orientation_tablet=\u00bbleft\u00bb text_orientation_phone=\u00bb\u00bb text_orientation_last_edited=\u00bbon|tablet\u00bb locked=\u00bboff\u00bb global_colors_info=\u00bb{}\u00bb theme_builder_area=\u00bbpost_content\u00bb]@ET-DC@eyJkeW5hbWljIjp0cnVlLCJjb250ZW50IjoiY3VycmVudF9kYXRlIiwic2V0dGluZ3MiOnsiYmVmb3JlIjoiQ29weXJpZ2h0ICZjb3B5OyAiLCJhZnRlciI6IiBDYXNhIGRlIE1lbmRvemEiLCJkYXRlX2Zvcm1hdCI6ImN1c3RvbSIsImN1c3RvbV9kYXRlX2Zvcm1hdCI6IlkifX0=@[\/et_pb_text][\/et_pb_column][\/et_pb_row][\/et_pb_section]<\/p>\n","protected":false},"excerpt":{"rendered":"<p>TiendaBotellasLatasPacks (pr\u00f3ximamente&#8230;)Env\u00edo gratis para pedidos superiores a 100\u20acAove Ecol\u00f3gico\u201cEl aceite que quieren ser todas las aceitunas\u201dDirecci\u00f3nC\/ Grecia 8 &#8211; Pol. Ind. El Llano Socu\u00e9llamos 13630 &#8211; Ciudad RealTel\u00e9fono926 67 49 09Emailhola@casademendoza.esS\u00edguenos<\/p>\n","protected":false},"author":1,"featured_media":0,"parent":0,"menu_order":0,"comment_status":"closed","ping_status":"closed","template":"","meta":{"_et_pb_use_builder":"on","_et_pb_old_content":"","_et_gb_content_width":"","om_disable_all_campaigns":false,"_monsterinsights_skip_tracking":false,"_monsterinsights_sitenote_active":false,"_monsterinsights_sitenote_note":"","_monsterinsights_sitenote_category":0,"footnotes":""},"class_list":["post-429","page","type-page","status-publish","hentry"],"aioseo_notices":[],"jetpack-related-posts":[],"jetpack_sharing_enabled":true,"_links":{"self":[{"href":"https:\/\/casademendoza.es\/index.php?rest_route=\/wp\/v2\/pages\/429","targetHints":{"allow":["GET"]}}],"collection":[{"href":"https:\/\/casademendoza.es\/index.php?rest_route=\/wp\/v2\/pages"}],"about":[{"href":"https:\/\/casademendoza.es\/index.php?rest_route=\/wp\/v2\/types\/page"}],"author":[{"embeddable":true,"href":"https:\/\/casademendoza.es\/index.php?rest_route=\/wp\/v2\/users\/1"}],"replies":[{"embeddable":true,"href":"https:\/\/casademendoza.es\/index.php?rest_route=%2Fwp%2Fv2%2Fcomments&post=429"}],"version-history":[{"count":5,"href":"https:\/\/casademendoza.es\/index.php?rest_route=\/wp\/v2\/pages\/429\/revisions"}],"predecessor-version":[{"id":440,"href":"https:\/\/casademendoza.es\/index.php?rest_route=\/wp\/v2\/pages\/429\/revisions\/440"}],"wp:attachment":[{"href":"https:\/\/casademendoza.es\/index.php?rest_route=%2Fwp%2Fv2%2Fmedia&parent=429"}],"curies":[{"name":"wp","href":"https:\/\/api.w.org\/{rel}","templated":true}]}}